{"id":243,"date":"2015-10-01T15:27:20","date_gmt":"2015-10-01T13:27:20","guid":{"rendered":"http:\/\/youcou.de\/muster2\/?page_id=243"},"modified":"2019-03-21T15:31:41","modified_gmt":"2019-03-21T13:31:41","slug":"das-restaurant","status":"publish","type":"page","link":"https:\/\/www.restaurant-blauegrotte.de\/?page_id=243","title":{"rendered":"Das Restaurant"},"content":{"rendered":"\n<style type=\"text\/css\" data-created_by=\"avia_inline_auto\" id=\"style-css-av-34k7tf-06d1fd2533b91dca8f6fdaa6aae4c0c7\">\n.avia-section.av-34k7tf-06d1fd2533b91dca8f6fdaa6aae4c0c7{\nbackground-color:#001666;\nbackground-image:unset;\n}\n<\/style>\n<div id='av_section_1'  class='avia-section av-34k7tf-06d1fd2533b91dca8f6fdaa6aae4c0c7 main_color avia-section-small avia-shadow  avia-builder-el-0  el_before_av_one_full  avia-builder-el-first  avia-bg-style-scroll av-minimum-height av-minimum-height-custom av-height-custom  container_wrap fullsize'   data-av_minimum_height_px='10'><div class='container av-section-cont-open' style='height:10px'><main  role=\"main\" itemprop=\"mainContentOfPage\"  class='template-page content  av-content-full alpha units'><div class='post-entry post-entry-type-page post-entry-243'><div class='entry-content-wrapper clearfix'>\n\n<style type=\"text\/css\" data-created_by=\"avia_inline_auto\" id=\"style-css-av-2twxz7-0469e1635f62db60d99d2ba24ffbcf0d\">\n.flex_column.av-2twxz7-0469e1635f62db60d99d2ba24ffbcf0d{\nborder-radius:0px 0px 0px 0px;\npadding:0px 0px 0px 0px;\n}\n<\/style>\n<div  class='flex_column av-2twxz7-0469e1635f62db60d99d2ba24ffbcf0d av_one_fifth  avia-builder-el-1  el_before_av_one_fifth  avia-builder-el-first  first flex_column_div av-zero-column-padding  '     ><style type=\"text\/css\" data-created_by=\"avia_inline_auto\" id=\"style-css-av-2osegj-17d577817998d5425f5cb4da1ee0fce0\">\n.avia-image-container.av-2osegj-17d577817998d5425f5cb4da1ee0fce0 img.avia_image{\nbox-shadow:none;\n}\n.avia-image-container.av-2osegj-17d577817998d5425f5cb4da1ee0fce0 .av-image-caption-overlay-center{\ncolor:#ffffff;\n}\n<\/style>\n<div  class='avia-image-container av-2osegj-17d577817998d5425f5cb4da1ee0fce0 av-styling- avia-align-center  avia-builder-el-2  avia-builder-el-no-sibling '   itemprop=\"image\" itemscope=\"itemscope\" itemtype=\"https:\/\/schema.org\/ImageObject\" ><div class=\"avia-image-container-inner\"><div class=\"avia-image-overlay-wrap\"><img decoding=\"async\" fetchpriority=\"high\" class='wp-image-281 avia-img-lazy-loading-not-281 avia_image ' src=\"https:\/\/www.restaurant-blauegrotte.de\/wp-content\/uploads\/2015\/10\/Steak.jpg\" alt='' title=''  height=\"160\" width=\"220\"  itemprop=\"thumbnailUrl\"  \/><\/div><\/div><\/div><\/div>\n<style type=\"text\/css\" data-created_by=\"avia_inline_auto\" id=\"style-css-av-2k5wmr-3543c7e4337355ced412b36fa07c52d0\">\n.flex_column.av-2k5wmr-3543c7e4337355ced412b36fa07c52d0{\nborder-radius:0px 0px 0px 0px;\npadding:0px 0px 0px 0px;\n}\n<\/style>\n<div  class='flex_column av-2k5wmr-3543c7e4337355ced412b36fa07c52d0 av_one_fifth  avia-builder-el-3  el_after_av_one_fifth  el_before_av_one_fifth  flex_column_div av-zero-column-padding  '     ><style type=\"text\/css\" data-created_by=\"avia_inline_auto\" id=\"style-css-av-2dgxh7-5df088dbf233692a3687c82ba5acd119\">\n.avia-image-container.av-2dgxh7-5df088dbf233692a3687c82ba5acd119 img.avia_image{\nbox-shadow:none;\n}\n.avia-image-container.av-2dgxh7-5df088dbf233692a3687c82ba5acd119 .av-image-caption-overlay-center{\ncolor:#ffffff;\n}\n<\/style>\n<div  class='avia-image-container av-2dgxh7-5df088dbf233692a3687c82ba5acd119 av-styling- avia-align-center  avia-builder-el-4  avia-builder-el-no-sibling '   itemprop=\"image\" itemscope=\"itemscope\" itemtype=\"https:\/\/schema.org\/ImageObject\" ><div class=\"avia-image-container-inner\"><div class=\"avia-image-overlay-wrap\"><img decoding=\"async\" fetchpriority=\"high\" class='wp-image-271 avia-img-lazy-loading-not-271 avia_image ' src=\"https:\/\/www.restaurant-blauegrotte.de\/wp-content\/uploads\/2015\/10\/wein.jpg\" alt='' title=''  height=\"160\" width=\"220\"  itemprop=\"thumbnailUrl\"  \/><\/div><\/div><\/div><\/div>\n<style type=\"text\/css\" data-created_by=\"avia_inline_auto\" id=\"style-css-av-27by8b-a54971aa139827505dc76190cbeca8b9\">\n.flex_column.av-27by8b-a54971aa139827505dc76190cbeca8b9{\nborder-radius:0px 0px 0px 0px;\npadding:0px 0px 0px 0px;\n}\n<\/style>\n<div  class='flex_column av-27by8b-a54971aa139827505dc76190cbeca8b9 av_one_fifth  avia-builder-el-5  el_after_av_one_fifth  el_before_av_one_fifth  flex_column_div av-zero-column-padding  '     ><style type=\"text\/css\" data-created_by=\"avia_inline_auto\" id=\"style-css-av-24kubv-0b6454328635b713ffaa8fcf619e9471\">\n.avia-image-container.av-24kubv-0b6454328635b713ffaa8fcf619e9471 img.avia_image{\nbox-shadow:none;\n}\n.avia-image-container.av-24kubv-0b6454328635b713ffaa8fcf619e9471 .av-image-caption-overlay-center{\ncolor:#ffffff;\n}\n<\/style>\n<div  class='avia-image-container av-24kubv-0b6454328635b713ffaa8fcf619e9471 av-styling- avia-align-center  avia-builder-el-6  avia-builder-el-no-sibling '   itemprop=\"image\" itemscope=\"itemscope\" itemtype=\"https:\/\/schema.org\/ImageObject\" ><div class=\"avia-image-container-inner\"><div class=\"avia-image-overlay-wrap\"><img decoding=\"async\" fetchpriority=\"high\" class='wp-image-269 avia-img-lazy-loading-not-269 avia_image ' src=\"https:\/\/www.restaurant-blauegrotte.de\/wp-content\/uploads\/2015\/10\/restaurant.jpg\" alt='' title=''  height=\"160\" width=\"220\"  itemprop=\"thumbnailUrl\"  \/><\/div><\/div><\/div><\/div>\n<style type=\"text\/css\" data-created_by=\"avia_inline_auto\" id=\"style-css-av-1vu2jf-58c51476610d4d51084761c5dd93c9ca\">\n.flex_column.av-1vu2jf-58c51476610d4d51084761c5dd93c9ca{\nborder-radius:0px 0px 0px 0px;\npadding:0px 0px 0px 0px;\n}\n<\/style>\n<div  class='flex_column av-1vu2jf-58c51476610d4d51084761c5dd93c9ca av_one_fifth  avia-builder-el-7  el_after_av_one_fifth  el_before_av_one_fifth  flex_column_div av-zero-column-padding  '     ><style type=\"text\/css\" data-created_by=\"avia_inline_auto\" id=\"style-css-av-1t16lf-90fc69846bef210f0c6107591b0ab7bc\">\n.avia-image-container.av-1t16lf-90fc69846bef210f0c6107591b0ab7bc img.avia_image{\nbox-shadow:none;\n}\n.avia-image-container.av-1t16lf-90fc69846bef210f0c6107591b0ab7bc .av-image-caption-overlay-center{\ncolor:#ffffff;\n}\n<\/style>\n<div  class='avia-image-container av-1t16lf-90fc69846bef210f0c6107591b0ab7bc av-styling- avia-align-center  avia-builder-el-8  avia-builder-el-no-sibling '   itemprop=\"image\" itemscope=\"itemscope\" itemtype=\"https:\/\/schema.org\/ImageObject\" ><div class=\"avia-image-container-inner\"><div class=\"avia-image-overlay-wrap\"><img decoding=\"async\" fetchpriority=\"high\" class='wp-image-268 avia-img-lazy-loading-not-268 avia_image ' src=\"https:\/\/www.restaurant-blauegrotte.de\/wp-content\/uploads\/2015\/10\/fisch.jpg\" alt='' title=''  height=\"160\" width=\"220\"  itemprop=\"thumbnailUrl\"  \/><\/div><\/div><\/div><\/div>\n<style type=\"text\/css\" data-created_by=\"avia_inline_auto\" id=\"style-css-av-1ko2bf-a39445968f9bad7fb3c28cf9209becae\">\n.flex_column.av-1ko2bf-a39445968f9bad7fb3c28cf9209becae{\nborder-radius:0px 0px 0px 0px;\npadding:0px 0px 0px 0px;\n}\n<\/style>\n<div  class='flex_column av-1ko2bf-a39445968f9bad7fb3c28cf9209becae av_one_fifth  avia-builder-el-9  el_after_av_one_fifth  avia-builder-el-last  flex_column_div av-zero-column-padding  '     ><style type=\"text\/css\" data-created_by=\"avia_inline_auto\" id=\"style-css-av-1d0h0r-a887defd37879e10f8a06dc7de30a5e5\">\n.avia-image-container.av-1d0h0r-a887defd37879e10f8a06dc7de30a5e5 img.avia_image{\nbox-shadow:none;\n}\n.avia-image-container.av-1d0h0r-a887defd37879e10f8a06dc7de30a5e5 .av-image-caption-overlay-center{\ncolor:#ffffff;\n}\n<\/style>\n<div  class='avia-image-container av-1d0h0r-a887defd37879e10f8a06dc7de30a5e5 av-styling- avia-align-center  avia-builder-el-10  avia-builder-el-no-sibling '   itemprop=\"image\" itemscope=\"itemscope\" itemtype=\"https:\/\/schema.org\/ImageObject\" ><div class=\"avia-image-container-inner\"><div class=\"avia-image-overlay-wrap\"><img decoding=\"async\" fetchpriority=\"high\" class='wp-image-282 avia-img-lazy-loading-not-282 avia_image ' src=\"https:\/\/www.restaurant-blauegrotte.de\/wp-content\/uploads\/2015\/10\/theke.jpg\" alt='' title=''  height=\"160\" width=\"220\"  itemprop=\"thumbnailUrl\"  \/><\/div><\/div><\/div><\/div>\n<\/div><\/div><\/main><!-- close content main element --><\/div><\/div><div id='after_section_1'  class='main_color av_default_container_wrap container_wrap fullsize'  ><div class='container av-section-cont-open' ><div class='template-page content  av-content-full alpha units'><div class='post-entry post-entry-type-page post-entry-243'><div class='entry-content-wrapper clearfix'>\n\n<style type=\"text\/css\" data-created_by=\"avia_inline_auto\" id=\"style-css-av-16pj9n-805616458cb0e953bbc2f1807ac57665\">\n.flex_column.av-16pj9n-805616458cb0e953bbc2f1807ac57665{\nborder-radius:0px 0px 0px 0px;\npadding:0px 0px 0px 0px;\n}\n<\/style>\n<div  class='flex_column av-16pj9n-805616458cb0e953bbc2f1807ac57665 av_one_full  avia-builder-el-11  el_after_av_section  el_before_av_one_full  avia-builder-el-first  first flex_column_div av-zero-column-padding  '     ><p>\n<style type=\"text\/css\" data-created_by=\"avia_inline_auto\" id=\"style-css-av-11lriz-8649e08016d4aba75f3f8bb34f9e2ecc\">\n#top .av-special-heading.av-11lriz-8649e08016d4aba75f3f8bb34f9e2ecc{\npadding-bottom:10px;\ncolor:#000d75;\nfont-size:25px;\n}\nbody .av-special-heading.av-11lriz-8649e08016d4aba75f3f8bb34f9e2ecc .av-special-heading-tag .heading-char{\nfont-size:25px;\n}\n#top #wrap_all .av-special-heading.av-11lriz-8649e08016d4aba75f3f8bb34f9e2ecc .av-special-heading-tag{\nfont-size:25px;\n}\n.av-special-heading.av-11lriz-8649e08016d4aba75f3f8bb34f9e2ecc .special-heading-inner-border{\nborder-color:#000d75;\n}\n.av-special-heading.av-11lriz-8649e08016d4aba75f3f8bb34f9e2ecc .av-subheading{\nfont-size:15px;\n}\n\n@media only screen and (min-width: 480px) and (max-width: 767px){ \n#top #wrap_all .av-special-heading.av-11lriz-8649e08016d4aba75f3f8bb34f9e2ecc .av-special-heading-tag{\nfont-size:0.8em;\n}\n}\n\n@media only screen and (max-width: 479px){ \n#top #wrap_all .av-special-heading.av-11lriz-8649e08016d4aba75f3f8bb34f9e2ecc .av-special-heading-tag{\nfont-size:0.8em;\n}\n}\n<\/style>\n<div  class='av-special-heading av-11lriz-8649e08016d4aba75f3f8bb34f9e2ecc av-special-heading-h3 custom-color-heading blockquote modern-quote modern-centered  avia-builder-el-12  el_before_av_textblock  avia-builder-el-first  av-inherit-size'><h3 class='av-special-heading-tag '  itemprop=\"headline\"  >Das Restaurant<\/h3><div class=\"special-heading-border\"><div class=\"special-heading-inner-border\"><\/div><\/div><\/div><br \/>\n\n<style type=\"text\/css\" data-created_by=\"avia_inline_auto\" id=\"style-css-av-v2ie3-4fcd6abdb61e75d90a2825cd82e25e6d\">\n#top .av_textblock_section.av-v2ie3-4fcd6abdb61e75d90a2825cd82e25e6d .avia_textblock{\nfont-size:15px;\n}\n<\/style>\n<section  class='av_textblock_section av-v2ie3-4fcd6abdb61e75d90a2825cd82e25e6d '   itemscope=\"itemscope\" itemtype=\"https:\/\/schema.org\/CreativeWork\" ><div class='avia_textblock'  itemprop=\"text\" ><p style=\"text-align: left;\"><span style=\"color: #000000;\">Etwas au\u00dferhalb der D\u00fcrener City, am Rande des Stadtteils Birkesdorf gelegen, finden Sie unser Restaurant &#8222;Blaue Grotte&#8220;. Viele G\u00e4ste nehmen gerne den kurzen Weg aus der Stadt auf sich, um sich kulinarisch verw\u00f6hnen zu lassen. Unsere Speisenkarte bietet eine Vielfalt aus der kroatischen und internationalen K\u00fcche und wird jedem Gaumen gerecht. Genie\u00dfen Sie eine der schmackhaften Fischvariationen wie frische Seezunge oder Scampis, entscheiden Sie sich f\u00fcr eine der Lammkreationen oder schlemmen Sie sich durch die reichhaltigen Balkanspezialit\u00e4ten.<\/span><\/p>\n<\/div><\/section><\/p><\/div>\n\n<style type=\"text\/css\" data-created_by=\"avia_inline_auto\" id=\"style-css-av-qjic3-6113847200944ec77bf7fe389e49c79e\">\n.flex_column.av-qjic3-6113847200944ec77bf7fe389e49c79e{\nborder-radius:0px 0px 0px 0px;\npadding:0px 0px 0px 0px;\n}\n<\/style>\n<div  class='flex_column av-qjic3-6113847200944ec77bf7fe389e49c79e av_one_fifth first flex_column_div av-zero-column-padding  '     ><\/div>\n\n<style type=\"text\/css\" data-created_by=\"avia_inline_auto\" id=\"style-css-av-mlq63-c1df0d6b68a018a34acbfca3693bece8\">\n.flex_column.av-mlq63-c1df0d6b68a018a34acbfca3693bece8{\nborder-radius:0px 0px 0px 0px;\npadding:0px 0px 0px 0px;\n}\n<\/style>\n<div  class='flex_column av-mlq63-c1df0d6b68a018a34acbfca3693bece8 av_three_fifth flex_column_div av-zero-column-padding  '     ><div  class='avia-slideshow av-jtik6g13-0f455579b5b5511dc84a1851a57ea521 avia-slideshow-no scaling av_slideshow avia-slide-slider av-slideshow-ui av-control-default av-slideshow-manual av-loop-once av-loop-manual-endless av-default-height-applied avia-slideshow-1' data-slideshow-options=\"{&quot;animation&quot;:&quot;slide&quot;,&quot;autoplay&quot;:false,&quot;loop_autoplay&quot;:&quot;once&quot;,&quot;interval&quot;:5,&quot;loop_manual&quot;:&quot;manual-endless&quot;,&quot;autoplay_stopper&quot;:false,&quot;noNavigation&quot;:false,&quot;bg_slider&quot;:false,&quot;keep_padding&quot;:false,&quot;hoverpause&quot;:false,&quot;show_slide_delay&quot;:0}\"  itemprop=\"image\" itemscope=\"itemscope\" itemtype=\"https:\/\/schema.org\/ImageObject\" ><ul class='avia-slideshow-inner ' style='padding-bottom: 55%;'><li  class='avia-slideshow-slide av-jtik6g13-0f455579b5b5511dc84a1851a57ea521__0  slide-1 slide-odd'><div data-rel='slideshow-1' class='avia-slide-wrap '   ><img decoding=\"async\" fetchpriority=\"high\" class=\"wp-image-439 avia-img-lazy-loading-not-439\"  src=\"https:\/\/www.restaurant-blauegrotte.de\/wp-content\/uploads\/2019\/03\/Slider_neu9.png\" width=\"1000\" height=\"550\" title='Slider_neu9' alt=''  itemprop=\"thumbnailUrl\" srcset=\"https:\/\/www.restaurant-blauegrotte.de\/wp-content\/uploads\/2019\/03\/Slider_neu9.png 1000w, https:\/\/www.restaurant-blauegrotte.de\/wp-content\/uploads\/2019\/03\/Slider_neu9-300x165.png 300w, https:\/\/www.restaurant-blauegrotte.de\/wp-content\/uploads\/2019\/03\/Slider_neu9-768x422.png 768w, https:\/\/www.restaurant-blauegrotte.de\/wp-content\/uploads\/2019\/03\/Slider_neu9-705x388.png 705w, https:\/\/www.restaurant-blauegrotte.de\/wp-content\/uploads\/2019\/03\/Slider_neu9-450x248.png 450w\" sizes=\"(max-width: 1000px) 100vw, 1000px\" \/><\/div><\/li><li  class='avia-slideshow-slide av-jtik6g13-0f455579b5b5511dc84a1851a57ea521__1  slide-2 slide-even'><div data-rel='slideshow-1' class='avia-slide-wrap '   ><img decoding=\"async\" fetchpriority=\"high\" class=\"wp-image-438 avia-img-lazy-loading-not-438\"  src=\"https:\/\/www.restaurant-blauegrotte.de\/wp-content\/uploads\/2019\/03\/Slider_neu8.png\" width=\"1000\" height=\"550\" title='Slider_neu8' alt=''  itemprop=\"thumbnailUrl\" srcset=\"https:\/\/www.restaurant-blauegrotte.de\/wp-content\/uploads\/2019\/03\/Slider_neu8.png 1000w, https:\/\/www.restaurant-blauegrotte.de\/wp-content\/uploads\/2019\/03\/Slider_neu8-300x165.png 300w, https:\/\/www.restaurant-blauegrotte.de\/wp-content\/uploads\/2019\/03\/Slider_neu8-768x422.png 768w, https:\/\/www.restaurant-blauegrotte.de\/wp-content\/uploads\/2019\/03\/Slider_neu8-705x388.png 705w, https:\/\/www.restaurant-blauegrotte.de\/wp-content\/uploads\/2019\/03\/Slider_neu8-450x248.png 450w\" sizes=\"(max-width: 1000px) 100vw, 1000px\" \/><\/div><\/li><li  class='avia-slideshow-slide av-jtik6g13-0f455579b5b5511dc84a1851a57ea521__2  slide-3 slide-odd'><div data-rel='slideshow-1' class='avia-slide-wrap '   ><img decoding=\"async\" fetchpriority=\"high\" class=\"wp-image-436 avia-img-lazy-loading-not-436\"  src=\"https:\/\/www.restaurant-blauegrotte.de\/wp-content\/uploads\/2019\/03\/Slider_neu6.png\" width=\"1000\" height=\"550\" title='Slider_neu6' alt=''  itemprop=\"thumbnailUrl\" srcset=\"https:\/\/www.restaurant-blauegrotte.de\/wp-content\/uploads\/2019\/03\/Slider_neu6.png 1000w, https:\/\/www.restaurant-blauegrotte.de\/wp-content\/uploads\/2019\/03\/Slider_neu6-300x165.png 300w, https:\/\/www.restaurant-blauegrotte.de\/wp-content\/uploads\/2019\/03\/Slider_neu6-768x422.png 768w, https:\/\/www.restaurant-blauegrotte.de\/wp-content\/uploads\/2019\/03\/Slider_neu6-705x388.png 705w, https:\/\/www.restaurant-blauegrotte.de\/wp-content\/uploads\/2019\/03\/Slider_neu6-450x248.png 450w\" sizes=\"(max-width: 1000px) 100vw, 1000px\" \/><\/div><\/li><li  class='avia-slideshow-slide av-jtik6g13-0f455579b5b5511dc84a1851a57ea521__3  slide-4 slide-even'><div data-rel='slideshow-1' class='avia-slide-wrap '   ><img decoding=\"async\" fetchpriority=\"high\" class=\"wp-image-435 avia-img-lazy-loading-not-435\"  src=\"https:\/\/www.restaurant-blauegrotte.de\/wp-content\/uploads\/2019\/03\/Slider_neu5.png\" width=\"1000\" height=\"550\" title='Slider_neu5' alt=''  itemprop=\"thumbnailUrl\" srcset=\"https:\/\/www.restaurant-blauegrotte.de\/wp-content\/uploads\/2019\/03\/Slider_neu5.png 1000w, https:\/\/www.restaurant-blauegrotte.de\/wp-content\/uploads\/2019\/03\/Slider_neu5-300x165.png 300w, https:\/\/www.restaurant-blauegrotte.de\/wp-content\/uploads\/2019\/03\/Slider_neu5-768x422.png 768w, https:\/\/www.restaurant-blauegrotte.de\/wp-content\/uploads\/2019\/03\/Slider_neu5-705x388.png 705w, https:\/\/www.restaurant-blauegrotte.de\/wp-content\/uploads\/2019\/03\/Slider_neu5-450x248.png 450w\" sizes=\"(max-width: 1000px) 100vw, 1000px\" \/><\/div><\/li><li  class='avia-slideshow-slide av-jtik6g13-0f455579b5b5511dc84a1851a57ea521__4  slide-5 slide-odd'><div data-rel='slideshow-1' class='avia-slide-wrap '   ><img decoding=\"async\" fetchpriority=\"high\" class=\"wp-image-434 avia-img-lazy-loading-not-434\"  src=\"https:\/\/www.restaurant-blauegrotte.de\/wp-content\/uploads\/2019\/03\/Slider_neu4.png\" width=\"1000\" height=\"550\" title='Slider_neu4' alt=''  itemprop=\"thumbnailUrl\" srcset=\"https:\/\/www.restaurant-blauegrotte.de\/wp-content\/uploads\/2019\/03\/Slider_neu4.png 1000w, https:\/\/www.restaurant-blauegrotte.de\/wp-content\/uploads\/2019\/03\/Slider_neu4-300x165.png 300w, https:\/\/www.restaurant-blauegrotte.de\/wp-content\/uploads\/2019\/03\/Slider_neu4-768x422.png 768w, https:\/\/www.restaurant-blauegrotte.de\/wp-content\/uploads\/2019\/03\/Slider_neu4-705x388.png 705w, https:\/\/www.restaurant-blauegrotte.de\/wp-content\/uploads\/2019\/03\/Slider_neu4-450x248.png 450w\" sizes=\"(max-width: 1000px) 100vw, 1000px\" \/><\/div><\/li><li  class='avia-slideshow-slide av-jtik6g13-0f455579b5b5511dc84a1851a57ea521__5  slide-6 slide-even'><div data-rel='slideshow-1' class='avia-slide-wrap '   ><img decoding=\"async\" fetchpriority=\"high\" class=\"wp-image-433 avia-img-lazy-loading-not-433\"  src=\"https:\/\/www.restaurant-blauegrotte.de\/wp-content\/uploads\/2019\/03\/Slider_neu3.png\" width=\"1000\" height=\"550\" title='Slider_neu3' alt=''  itemprop=\"thumbnailUrl\" srcset=\"https:\/\/www.restaurant-blauegrotte.de\/wp-content\/uploads\/2019\/03\/Slider_neu3.png 1000w, https:\/\/www.restaurant-blauegrotte.de\/wp-content\/uploads\/2019\/03\/Slider_neu3-300x165.png 300w, https:\/\/www.restaurant-blauegrotte.de\/wp-content\/uploads\/2019\/03\/Slider_neu3-768x422.png 768w, https:\/\/www.restaurant-blauegrotte.de\/wp-content\/uploads\/2019\/03\/Slider_neu3-705x388.png 705w, https:\/\/www.restaurant-blauegrotte.de\/wp-content\/uploads\/2019\/03\/Slider_neu3-450x248.png 450w\" sizes=\"(max-width: 1000px) 100vw, 1000px\" \/><\/div><\/li><li  class='avia-slideshow-slide av-jtik6g13-0f455579b5b5511dc84a1851a57ea521__6  slide-7 slide-odd'><div data-rel='slideshow-1' class='avia-slide-wrap '   ><img decoding=\"async\" fetchpriority=\"high\" class=\"wp-image-432 avia-img-lazy-loading-not-432\"  src=\"https:\/\/www.restaurant-blauegrotte.de\/wp-content\/uploads\/2019\/03\/Slider_neu2.png\" width=\"1000\" height=\"550\" title='Slider_neu2' alt=''  itemprop=\"thumbnailUrl\" srcset=\"https:\/\/www.restaurant-blauegrotte.de\/wp-content\/uploads\/2019\/03\/Slider_neu2.png 1000w, https:\/\/www.restaurant-blauegrotte.de\/wp-content\/uploads\/2019\/03\/Slider_neu2-300x165.png 300w, https:\/\/www.restaurant-blauegrotte.de\/wp-content\/uploads\/2019\/03\/Slider_neu2-768x422.png 768w, https:\/\/www.restaurant-blauegrotte.de\/wp-content\/uploads\/2019\/03\/Slider_neu2-705x388.png 705w, https:\/\/www.restaurant-blauegrotte.de\/wp-content\/uploads\/2019\/03\/Slider_neu2-450x248.png 450w\" sizes=\"(max-width: 1000px) 100vw, 1000px\" \/><\/div><\/li><li  class='avia-slideshow-slide av-jtik6g13-0f455579b5b5511dc84a1851a57ea521__7  slide-8 slide-even'><div data-rel='slideshow-1' class='avia-slide-wrap '   ><img decoding=\"async\" fetchpriority=\"high\" class=\"wp-image-431 avia-img-lazy-loading-not-431\"  src=\"https:\/\/www.restaurant-blauegrotte.de\/wp-content\/uploads\/2019\/03\/Slider_neu1.png\" width=\"1000\" height=\"550\" title='Slider_neu1' alt=''  itemprop=\"thumbnailUrl\" srcset=\"https:\/\/www.restaurant-blauegrotte.de\/wp-content\/uploads\/2019\/03\/Slider_neu1.png 1000w, https:\/\/www.restaurant-blauegrotte.de\/wp-content\/uploads\/2019\/03\/Slider_neu1-300x165.png 300w, https:\/\/www.restaurant-blauegrotte.de\/wp-content\/uploads\/2019\/03\/Slider_neu1-768x422.png 768w, https:\/\/www.restaurant-blauegrotte.de\/wp-content\/uploads\/2019\/03\/Slider_neu1-705x388.png 705w, https:\/\/www.restaurant-blauegrotte.de\/wp-content\/uploads\/2019\/03\/Slider_neu1-450x248.png 450w\" sizes=\"(max-width: 1000px) 100vw, 1000px\" \/><\/div><\/li><li  class='avia-slideshow-slide av-jtik6g13-0f455579b5b5511dc84a1851a57ea521__8  slide-9 slide-odd'><div data-rel='slideshow-1' class='avia-slide-wrap '   ><img decoding=\"async\" fetchpriority=\"high\" class=\"wp-image-430 avia-img-lazy-loading-not-430\"  src=\"https:\/\/www.restaurant-blauegrotte.de\/wp-content\/uploads\/2019\/03\/Slider_neu.png\" width=\"1000\" height=\"550\" title='Slider_neu' alt=''  itemprop=\"thumbnailUrl\" srcset=\"https:\/\/www.restaurant-blauegrotte.de\/wp-content\/uploads\/2019\/03\/Slider_neu.png 1000w, https:\/\/www.restaurant-blauegrotte.de\/wp-content\/uploads\/2019\/03\/Slider_neu-300x165.png 300w, https:\/\/www.restaurant-blauegrotte.de\/wp-content\/uploads\/2019\/03\/Slider_neu-768x422.png 768w, https:\/\/www.restaurant-blauegrotte.de\/wp-content\/uploads\/2019\/03\/Slider_neu-705x388.png 705w, https:\/\/www.restaurant-blauegrotte.de\/wp-content\/uploads\/2019\/03\/Slider_neu-450x248.png 450w\" sizes=\"(max-width: 1000px) 100vw, 1000px\" \/><\/div><\/li><\/ul><div class='avia-slideshow-arrows avia-slideshow-controls' ><a href='#prev' class='prev-slide ' aria-hidden='true' data-av_icon='\ue87c' data-av_iconfont='entypo-fontello'  tabindex='-1'>Zur\u00fcck<\/a><a href='#next' class='next-slide ' aria-hidden='true' data-av_icon='\ue87d' data-av_iconfont='entypo-fontello'  tabindex='-1'>Weiter<\/a><\/div><div class='avia-slideshow-dots avia-slideshow-controls'><a href='#1' class='goto-slide active' >1<\/a><a href='#2' class='goto-slide ' >2<\/a><a href='#3' class='goto-slide ' >3<\/a><a href='#4' class='goto-slide ' >4<\/a><a href='#5' class='goto-slide ' >5<\/a><a href='#6' class='goto-slide ' >6<\/a><a href='#7' class='goto-slide ' >7<\/a><a href='#8' class='goto-slide ' >8<\/a><a href='#9' class='goto-slide ' >9<\/a><\/div><\/div><\/div>\n<style type=\"text\/css\" data-created_by=\"avia_inline_auto\" id=\"style-css-av-9k3j7-8c1bd2af4d3a2ddaceac7b3f652debda\">\n.flex_column.av-9k3j7-8c1bd2af4d3a2ddaceac7b3f652debda{\nborder-radius:0px 0px 0px 0px;\npadding:0px 0px 0px 0px;\n}\n<\/style>\n<div  class='flex_column av-9k3j7-8c1bd2af4d3a2ddaceac7b3f652debda av_one_fifth flex_column_div av-zero-column-padding  '     ><\/div><\/p>\n","protected":false},"excerpt":{"rendered":"","protected":false},"author":1,"featured_media":0,"parent":0,"menu_order":1,"comment_status":"open","ping_status":"open","template":"","meta":{"footnotes":""},"class_list":["post-243","page","type-page","status-publish","hentry"],"_links":{"self":[{"href":"https:\/\/www.restaurant-blauegrotte.de\/index.php?rest_route=\/wp\/v2\/pages\/243","targetHints":{"allow":["GET"]}}],"collection":[{"href":"https:\/\/www.restaurant-blauegrotte.de\/index.php?rest_route=\/wp\/v2\/pages"}],"about":[{"href":"https:\/\/www.restaurant-blauegrotte.de\/index.php?rest_route=\/wp\/v2\/types\/page"}],"author":[{"embeddable":true,"href":"https:\/\/www.restaurant-blauegrotte.de\/index.php?rest_route=\/wp\/v2\/users\/1"}],"replies":[{"embeddable":true,"href":"https:\/\/www.restaurant-blauegrotte.de\/index.php?rest_route=%2Fwp%2Fv2%2Fcomments&post=243"}],"version-history":[{"count":4,"href":"https:\/\/www.restaurant-blauegrotte.de\/index.php?rest_route=\/wp\/v2\/pages\/243\/revisions"}],"predecessor-version":[{"id":442,"href":"https:\/\/www.restaurant-blauegrotte.de\/index.php?rest_route=\/wp\/v2\/pages\/243\/revisions\/442"}],"wp:attachment":[{"href":"https:\/\/www.restaurant-blauegrotte.de\/index.php?rest_route=%2Fwp%2Fv2%2Fmedia&parent=243"}],"curies":[{"name":"wp","href":"https:\/\/api.w.org\/{rel}","templated":true}]}}