{"id":246,"date":"2015-10-01T15:27:38","date_gmt":"2015-10-01T13:27:38","guid":{"rendered":"http:\/\/youcou.de\/muster2\/?page_id=246"},"modified":"2024-10-22T12:22:30","modified_gmt":"2024-10-22T10:22:30","slug":"speisen-und-getraenke","status":"publish","type":"page","link":"https:\/\/www.restaurant-blauegrotte.de\/?page_id=246","title":{"rendered":"Speisen und Getr\u00e4nke"},"content":{"rendered":"\n<style type=\"text\/css\" data-created_by=\"avia_inline_auto\" id=\"style-css-av-3eosti-1db674ae489e0e88c51de02cea763796\">\n.avia-section.av-3eosti-1db674ae489e0e88c51de02cea763796{\nbackground-color:#001666;\nbackground-image:unset;\n}\n<\/style>\n<div id='av_section_1'  class='avia-section av-3eosti-1db674ae489e0e88c51de02cea763796 main_color avia-section-small avia-shadow  avia-builder-el-0  el_before_av_one_full  avia-builder-el-first  avia-bg-style-scroll av-minimum-height av-minimum-height-custom av-height-custom  container_wrap fullsize'   data-av_minimum_height_px='10'><div class='container av-section-cont-open' style='height:10px'><main  role=\"main\" itemprop=\"mainContentOfPage\"  class='template-page content  av-content-full alpha units'><div class='post-entry post-entry-type-page post-entry-246'><div class='entry-content-wrapper clearfix'>\n\n<style type=\"text\/css\" data-created_by=\"avia_inline_auto\" id=\"style-css-av-37nkb2-fb71c86401b3c17f3987bdfcc04b4eed\">\n.flex_column.av-37nkb2-fb71c86401b3c17f3987bdfcc04b4eed{\nborder-radius:0px 0px 0px 0px;\npadding:0px 0px 0px 0px;\n}\n<\/style>\n<div  class='flex_column av-37nkb2-fb71c86401b3c17f3987bdfcc04b4eed av_one_fifth  avia-builder-el-1  el_before_av_one_fifth  avia-builder-el-first  first flex_column_div av-zero-column-padding  '     ><style type=\"text\/css\" data-created_by=\"avia_inline_auto\" id=\"style-css-av-344jry-88f84186be76ba734a4e176024fb2734\">\n.avia-image-container.av-344jry-88f84186be76ba734a4e176024fb2734 img.avia_image{\nbox-shadow:none;\n}\n.avia-image-container.av-344jry-88f84186be76ba734a4e176024fb2734 .av-image-caption-overlay-center{\ncolor:#ffffff;\n}\n<\/style>\n<div  class='avia-image-container av-344jry-88f84186be76ba734a4e176024fb2734 av-styling- avia-align-center  avia-builder-el-2  avia-builder-el-no-sibling '   itemprop=\"image\" itemscope=\"itemscope\" itemtype=\"https:\/\/schema.org\/ImageObject\" ><div class=\"avia-image-container-inner\"><div class=\"avia-image-overlay-wrap\"><img decoding=\"async\" fetchpriority=\"high\" class='wp-image-281 avia-img-lazy-loading-not-281 avia_image ' src=\"https:\/\/www.restaurant-blauegrotte.de\/wp-content\/uploads\/2015\/10\/Steak.jpg\" alt='' title=''  height=\"160\" width=\"220\"  itemprop=\"thumbnailUrl\"  \/><\/div><\/div><\/div><\/div>\n<style type=\"text\/css\" data-created_by=\"avia_inline_auto\" id=\"style-css-av-2uehxa-aae9eedcc643878f27f6fb8d64eeb4ec\">\n.flex_column.av-2uehxa-aae9eedcc643878f27f6fb8d64eeb4ec{\nborder-radius:0px 0px 0px 0px;\npadding:0px 0px 0px 0px;\n}\n<\/style>\n<div  class='flex_column av-2uehxa-aae9eedcc643878f27f6fb8d64eeb4ec av_one_fifth  avia-builder-el-3  el_after_av_one_fifth  el_before_av_one_fifth  flex_column_div av-zero-column-padding  '     ><style type=\"text\/css\" data-created_by=\"avia_inline_auto\" id=\"style-css-av-9w0jq-ad4a09440ad4903b4048f50d04ce514e\">\n.avia-image-container.av-9w0jq-ad4a09440ad4903b4048f50d04ce514e img.avia_image{\nbox-shadow:none;\n}\n.avia-image-container.av-9w0jq-ad4a09440ad4903b4048f50d04ce514e .av-image-caption-overlay-center{\ncolor:#ffffff;\n}\n<\/style>\n<div  class='avia-image-container av-9w0jq-ad4a09440ad4903b4048f50d04ce514e av-styling- avia-align-center  avia-builder-el-4  avia-builder-el-no-sibling '   itemprop=\"image\" itemscope=\"itemscope\" itemtype=\"https:\/\/schema.org\/ImageObject\" ><div class=\"avia-image-container-inner\"><div class=\"avia-image-overlay-wrap\"><img decoding=\"async\" fetchpriority=\"high\" class='wp-image-271 avia-img-lazy-loading-not-271 avia_image ' src=\"https:\/\/www.restaurant-blauegrotte.de\/wp-content\/uploads\/2015\/10\/wein.jpg\" alt='' title=''  height=\"160\" width=\"220\"  itemprop=\"thumbnailUrl\"  \/><\/div><\/div><\/div><\/div>\n<style type=\"text\/css\" data-created_by=\"avia_inline_auto\" id=\"style-css-av-937ie-6715a7de12662636b44513c60bf17c47\">\n.flex_column.av-937ie-6715a7de12662636b44513c60bf17c47{\nborder-radius:0px 0px 0px 0px;\npadding:0px 0px 0px 0px;\n}\n<\/style>\n<div  class='flex_column av-937ie-6715a7de12662636b44513c60bf17c47 av_one_fifth  avia-builder-el-5  el_after_av_one_fifth  el_before_av_one_fifth  flex_column_div av-zero-column-padding  '     ><style type=\"text\/css\" data-created_by=\"avia_inline_auto\" id=\"style-css-av-2gmw3q-72d0871ecf7552acc06a581c1f7df5fb\">\n.avia-image-container.av-2gmw3q-72d0871ecf7552acc06a581c1f7df5fb img.avia_image{\nbox-shadow:none;\n}\n.avia-image-container.av-2gmw3q-72d0871ecf7552acc06a581c1f7df5fb .av-image-caption-overlay-center{\ncolor:#ffffff;\n}\n<\/style>\n<div  class='avia-image-container av-2gmw3q-72d0871ecf7552acc06a581c1f7df5fb av-styling- avia-align-center  avia-builder-el-6  avia-builder-el-no-sibling '   itemprop=\"image\" itemscope=\"itemscope\" itemtype=\"https:\/\/schema.org\/ImageObject\" ><div class=\"avia-image-container-inner\"><div class=\"avia-image-overlay-wrap\"><img decoding=\"async\" fetchpriority=\"high\" class='wp-image-445 avia-img-lazy-loading-not-445 avia_image ' src=\"https:\/\/www.restaurant-blauegrotte.de\/wp-content\/uploads\/2019\/03\/Kleines_Bild_Neu2.png\" alt='' title='Kleines_Bild_Neu2'  height=\"160\" width=\"220\"  itemprop=\"thumbnailUrl\"  \/><\/div><\/div><\/div><\/div>\n<style type=\"text\/css\" data-created_by=\"avia_inline_auto\" id=\"style-css-av-284e5i-ce3133a24e1fe7abac41c5c729349278\">\n.flex_column.av-284e5i-ce3133a24e1fe7abac41c5c729349278{\nborder-radius:0px 0px 0px 0px;\npadding:0px 0px 0px 0px;\n}\n<\/style>\n<div  class='flex_column av-284e5i-ce3133a24e1fe7abac41c5c729349278 av_one_fifth  avia-builder-el-7  el_after_av_one_fifth  el_before_av_one_fifth  flex_column_div av-zero-column-padding  '     ><style type=\"text\/css\" data-created_by=\"avia_inline_auto\" id=\"style-css-av-20psxi-102d4d618d933dd0b91cd5a936779744\">\n.avia-image-container.av-20psxi-102d4d618d933dd0b91cd5a936779744 img.avia_image{\nbox-shadow:none;\n}\n.avia-image-container.av-20psxi-102d4d618d933dd0b91cd5a936779744 .av-image-caption-overlay-center{\ncolor:#ffffff;\n}\n<\/style>\n<div  class='avia-image-container av-20psxi-102d4d618d933dd0b91cd5a936779744 av-styling- avia-align-center  avia-builder-el-8  avia-builder-el-no-sibling '   itemprop=\"image\" itemscope=\"itemscope\" itemtype=\"https:\/\/schema.org\/ImageObject\" ><div class=\"avia-image-container-inner\"><div class=\"avia-image-overlay-wrap\"><img decoding=\"async\" fetchpriority=\"high\" class='wp-image-268 avia-img-lazy-loading-not-268 avia_image ' src=\"https:\/\/www.restaurant-blauegrotte.de\/wp-content\/uploads\/2015\/10\/fisch.jpg\" alt='' title=''  height=\"160\" width=\"220\"  itemprop=\"thumbnailUrl\"  \/><\/div><\/div><\/div><\/div>\n<style type=\"text\/css\" data-created_by=\"avia_inline_auto\" id=\"style-css-av-1u87za-46f9fe449f39523fc3a32b4603fbf4ba\">\n.flex_column.av-1u87za-46f9fe449f39523fc3a32b4603fbf4ba{\nborder-radius:0px 0px 0px 0px;\npadding:0px 0px 0px 0px;\n}\n<\/style>\n<div  class='flex_column av-1u87za-46f9fe449f39523fc3a32b4603fbf4ba av_one_fifth  avia-builder-el-9  el_after_av_one_fifth  avia-builder-el-last  flex_column_div av-zero-column-padding  '     ><style type=\"text\/css\" data-created_by=\"avia_inline_auto\" id=\"style-css-av-1o5weu-19d7d706ab4dd16fc2e4f32885b64d4a\">\n.avia-image-container.av-1o5weu-19d7d706ab4dd16fc2e4f32885b64d4a img.avia_image{\nbox-shadow:none;\n}\n.avia-image-container.av-1o5weu-19d7d706ab4dd16fc2e4f32885b64d4a .av-image-caption-overlay-center{\ncolor:#ffffff;\n}\n<\/style>\n<div  class='avia-image-container av-1o5weu-19d7d706ab4dd16fc2e4f32885b64d4a av-styling- avia-align-center  avia-builder-el-10  avia-builder-el-no-sibling '   itemprop=\"image\" itemscope=\"itemscope\" itemtype=\"https:\/\/schema.org\/ImageObject\" ><div class=\"avia-image-container-inner\"><div class=\"avia-image-overlay-wrap\"><img decoding=\"async\" fetchpriority=\"high\" class='wp-image-444 avia-img-lazy-loading-not-444 avia_image ' src=\"https:\/\/www.restaurant-blauegrotte.de\/wp-content\/uploads\/2019\/03\/Kleines_Bild_Neu1.png\" alt='' title='Kleines_Bild_Neu1'  height=\"160\" width=\"220\"  itemprop=\"thumbnailUrl\"  \/><\/div><\/div><\/div><\/div>\n<\/div><\/div><\/main><!-- close content main element --><\/div><\/div><div id='after_section_1'  class='main_color av_default_container_wrap container_wrap fullsize'  ><div class='container av-section-cont-open' ><div class='template-page content  av-content-full alpha units'><div class='post-entry post-entry-type-page post-entry-246'><div class='entry-content-wrapper clearfix'>\n\n<style type=\"text\/css\" data-created_by=\"avia_inline_auto\" id=\"style-css-av-1lc07a-4da974c5926ee2128a06b52ff048a6cd\">\n.flex_column.av-1lc07a-4da974c5926ee2128a06b52ff048a6cd{\nborder-radius:0px 0px 0px 0px;\npadding:0px 0px 0px 0px;\n}\n<\/style>\n<div  class='flex_column av-1lc07a-4da974c5926ee2128a06b52ff048a6cd av_one_full  avia-builder-el-11  el_after_av_section  el_before_av_one_fifth  avia-builder-el-first  first flex_column_div av-zero-column-padding  '     ><p>\n<style type=\"text\/css\" data-created_by=\"avia_inline_auto\" id=\"style-css-av-1fi4na-73cb4483fe4d05cca9f11eb027cd94b4\">\n#top .av-special-heading.av-1fi4na-73cb4483fe4d05cca9f11eb027cd94b4{\npadding-bottom:10px;\ncolor:#000d75;\nfont-size:25px;\n}\nbody .av-special-heading.av-1fi4na-73cb4483fe4d05cca9f11eb027cd94b4 .av-special-heading-tag .heading-char{\nfont-size:25px;\n}\n#top #wrap_all .av-special-heading.av-1fi4na-73cb4483fe4d05cca9f11eb027cd94b4 .av-special-heading-tag{\nfont-size:25px;\n}\n.av-special-heading.av-1fi4na-73cb4483fe4d05cca9f11eb027cd94b4 .special-heading-inner-border{\nborder-color:#000d75;\n}\n.av-special-heading.av-1fi4na-73cb4483fe4d05cca9f11eb027cd94b4 .av-subheading{\nfont-size:15px;\n}\n\n@media only screen and (min-width: 480px) and (max-width: 767px){ \n#top #wrap_all .av-special-heading.av-1fi4na-73cb4483fe4d05cca9f11eb027cd94b4 .av-special-heading-tag{\nfont-size:0.8em;\n}\n}\n\n@media only screen and (max-width: 479px){ \n#top #wrap_all .av-special-heading.av-1fi4na-73cb4483fe4d05cca9f11eb027cd94b4 .av-special-heading-tag{\nfont-size:0.8em;\n}\n}\n<\/style>\n<div  class='av-special-heading av-1fi4na-73cb4483fe4d05cca9f11eb027cd94b4 av-special-heading-h3 custom-color-heading blockquote modern-quote modern-centered  avia-builder-el-12  el_before_av_textblock  avia-builder-el-first  av-inherit-size'><h3 class='av-special-heading-tag '  itemprop=\"headline\"  >Speisen und Getr\u00e4nke<\/h3><div class=\"special-heading-border\"><div class=\"special-heading-inner-border\"><\/div><\/div><\/div><br \/>\n\n<style type=\"text\/css\" data-created_by=\"avia_inline_auto\" id=\"style-css-av-1767ku-3f6e9d20ba6382633ae58914c912bc91\">\n#top .av_textblock_section.av-1767ku-3f6e9d20ba6382633ae58914c912bc91 .avia_textblock{\nfont-size:15px;\n}\n<\/style>\n<section  class='av_textblock_section av-1767ku-3f6e9d20ba6382633ae58914c912bc91 '   itemscope=\"itemscope\" itemtype=\"https:\/\/schema.org\/CreativeWork\" ><div class='avia_textblock'  itemprop=\"text\" ><p align=\"justify\">Unsere Speisenkarte bietet eine Vielfalt aus der kroatischen und internationalen K\u00fcche und wird jedem Gaumen gerecht. Genie\u00dfen Sie eine der schmackhaften Fischvariationen wie frische Seezunge oder Scampis, entscheiden Sie sich f\u00fcr eine der Lammkreationen oder schlemmen Sie sich durch die reichhaltigen Balkanspezialit\u00e4ten. Oder darf es vielleicht ein deftiges Steak sein? Qualit\u00e4t und Vielfalt stehen bei uns an erster Stelle.<\/p>\n<p align=\"justify\">F\u00fcr durstige Kehlen warten neben feinen kroatischen Weinen, viele weitere H\u00f6hepunkte.<\/p>\n<\/div><\/section><\/p><\/div>\n\n<style type=\"text\/css\" data-created_by=\"avia_inline_auto\" id=\"style-css-av-142fnq-210d0217379002e08b836d3a1332b3b2\">\n.flex_column.av-142fnq-210d0217379002e08b836d3a1332b3b2{\nborder-radius:0px 0px 0px 0px;\npadding:0px 0px 0px 0px;\n}\n<\/style>\n<div  class='flex_column av-142fnq-210d0217379002e08b836d3a1332b3b2 av_one_fifth  avia-builder-el-14  el_after_av_one_full  el_before_av_three_fifth  first flex_column_div av-zero-column-padding  column-top-margin'     ><\/div>\n\n<style type=\"text\/css\" data-created_by=\"avia_inline_auto\" id=\"style-css-av-wzvb2-888f082b390e0b77545fcb51c3910a40\">\n.flex_column.av-wzvb2-888f082b390e0b77545fcb51c3910a40{\nborder-radius:0px 0px 0px 0px;\npadding:0px 0px 0px 0px;\n}\n<\/style>\n<div  class='flex_column av-wzvb2-888f082b390e0b77545fcb51c3910a40 av_three_fifth  avia-builder-el-15  el_after_av_one_fifth  el_before_av_one_fifth  flex_column_div av-zero-column-padding  column-top-margin'     ><style type=\"text\/css\" data-created_by=\"avia_inline_auto\" id=\"style-css-av-2n4km-5fba7bbb7a9f07dea005d5234c5d4502\">\n.avia-image-container.av-2n4km-5fba7bbb7a9f07dea005d5234c5d4502 img.avia_image{\nbox-shadow:none;\n}\n.avia-image-container.av-2n4km-5fba7bbb7a9f07dea005d5234c5d4502 .av-image-caption-overlay-center{\ncolor:#ffffff;\n}\n<\/style>\n<div  class='avia-image-container av-2n4km-5fba7bbb7a9f07dea005d5234c5d4502 av-styling- avia-align-center  avia-builder-el-16  avia-builder-el-no-sibling '   itemprop=\"image\" itemscope=\"itemscope\" itemtype=\"https:\/\/schema.org\/ImageObject\" ><div class=\"avia-image-container-inner\"><div class=\"avia-image-overlay-wrap\"><img decoding=\"async\" fetchpriority=\"high\" class='wp-image-304 avia-img-lazy-loading-not-304 avia_image ' src=\"https:\/\/www.restaurant-blauegrotte.de\/wp-content\/uploads\/2015\/10\/speisen_bild.jpg\" alt='' title=''  height=\"200\" width=\"600\"  itemprop=\"thumbnailUrl\" srcset=\"https:\/\/www.restaurant-blauegrotte.de\/wp-content\/uploads\/2015\/10\/speisen_bild.jpg 600w, https:\/\/www.restaurant-blauegrotte.de\/wp-content\/uploads\/2015\/10\/speisen_bild-300x100.jpg 300w, https:\/\/www.restaurant-blauegrotte.de\/wp-content\/uploads\/2015\/10\/speisen_bild-450x150.jpg 450w\" sizes=\"(max-width: 600px) 100vw, 600px\" \/><\/div><\/div><\/div><\/div>\n\n<style type=\"text\/css\" data-created_by=\"avia_inline_auto\" id=\"style-css-av-kzfem-0af092b7ea22fb4692f08ec0395a2ae9\">\n.flex_column.av-kzfem-0af092b7ea22fb4692f08ec0395a2ae9{\nborder-radius:0px 0px 0px 0px;\npadding:0px 0px 0px 0px;\n}\n<\/style>\n<div  class='flex_column av-kzfem-0af092b7ea22fb4692f08ec0395a2ae9 av_one_fifth  avia-builder-el-17  el_after_av_three_fifth  el_before_av_one_full  flex_column_div av-zero-column-padding  column-top-margin'     ><\/div>\n\n<style type=\"text\/css\" data-created_by=\"avia_inline_auto\" id=\"style-css-av-f3blq-d6608561860ab75d0619c822e1cb0597\">\n.flex_column.av-f3blq-d6608561860ab75d0619c822e1cb0597{\nborder-radius:0px 0px 0px 0px;\npadding:0px 0px 0px 0px;\n}\n<\/style>\n<div  class='flex_column av-f3blq-d6608561860ab75d0619c822e1cb0597 av_one_full  avia-builder-el-18  el_after_av_one_fifth  avia-builder-el-last  first flex_column_div av-zero-column-padding  column-top-margin'     ><div  class='avia-button-wrap av-b2r4m-dc55777f3abcd156c9c17ac3cb5a46cb-wrap avia-button-center  avia-builder-el-19  avia-builder-el-no-sibling '>\n<style type=\"text\/css\" data-created_by=\"avia_inline_auto\" id=\"style-css-av-b2r4m-dc55777f3abcd156c9c17ac3cb5a46cb\">\n#top #wrap_all .avia-button.av-b2r4m-dc55777f3abcd156c9c17ac3cb5a46cb{\nbackground-color:#040a72;\nborder-color:#040a72;\ncolor:#ffffff;\ntransition:all 0.4s ease-in-out;\n}\n<\/style>\n<a href='https:\/\/www.restaurant-blauegrotte.de\/wp-content\/uploads\/2024\/10\/Speisekarte_Blaue_2024.pdf'  class='avia-button av-b2r4m-dc55777f3abcd156c9c17ac3cb5a46cb av-link-btn avia-icon_select-yes-left-icon avia-size-medium avia-position-center'  target=\"_blank\"  rel=\"noopener noreferrer\"  aria-label=\"zur Speisenkarte\"><span class='avia_button_icon avia_button_icon_left' aria-hidden='true' data-av_icon='\ue84e' data-av_iconfont='entypo-fontello'><\/span><span class='avia_iconbox_title' >zur Speisenkarte<\/span><\/a><\/div><\/div>\n","protected":false},"excerpt":{"rendered":"","protected":false},"author":1,"featured_media":0,"parent":243,"menu_order":1,"comment_status":"open","ping_status":"open","template":"","meta":{"footnotes":""},"class_list":["post-246","page","type-page","status-publish","hentry"],"_links":{"self":[{"href":"https:\/\/www.restaurant-blauegrotte.de\/index.php?rest_route=\/wp\/v2\/pages\/246","targetHints":{"allow":["GET"]}}],"collection":[{"href":"https:\/\/www.restaurant-blauegrotte.de\/index.php?rest_route=\/wp\/v2\/pages"}],"about":[{"href":"https:\/\/www.restaurant-blauegrotte.de\/index.php?rest_route=\/wp\/v2\/types\/page"}],"author":[{"embeddable":true,"href":"https:\/\/www.restaurant-blauegrotte.de\/index.php?rest_route=\/wp\/v2\/users\/1"}],"replies":[{"embeddable":true,"href":"https:\/\/www.restaurant-blauegrotte.de\/index.php?rest_route=%2Fwp%2Fv2%2Fcomments&post=246"}],"version-history":[{"count":18,"href":"https:\/\/www.restaurant-blauegrotte.de\/index.php?rest_route=\/wp\/v2\/pages\/246\/revisions"}],"predecessor-version":[{"id":580,"href":"https:\/\/www.restaurant-blauegrotte.de\/index.php?rest_route=\/wp\/v2\/pages\/246\/revisions\/580"}],"up":[{"embeddable":true,"href":"https:\/\/www.restaurant-blauegrotte.de\/index.php?rest_route=\/wp\/v2\/pages\/243"}],"wp:attachment":[{"href":"https:\/\/www.restaurant-blauegrotte.de\/index.php?rest_route=%2Fwp%2Fv2%2Fmedia&parent=246"}],"curies":[{"name":"wp","href":"https:\/\/api.w.org\/{rel}","templated":true}]}}